{"id":1298,"date":"2023-06-29T06:36:50","date_gmt":"2023-06-29T06:36:50","guid":{"rendered":"https:\/\/lauvoy.no\/tagungsraeume-und-konferenzraeume\/"},"modified":"2025-11-20T07:38:46","modified_gmt":"2025-11-20T07:38:46","slug":"tagungsraeume-und-konferenzraeume","status":"publish","type":"page","link":"https:\/\/lauvoy.no\/de\/tagungsraeume-und-konferenzraeume\/","title":{"rendered":"Tagungsr\u00e4ume und Konferenzr\u00e4ume"},"content":{"rendered":"\t\t<div data-elementor-type=\"wp-page\" data-elementor-id=\"1298\" class=\"elementor elementor-1298 elementor-355\" data-elementor-post-type=\"page\">\n\t\t\t\t\t\t<section class=\"elementor-section elementor-top-section elementor-element elementor-element-4c91d693 elementor-section-height-min-height elementor-section-boxed elementor-section-height-default elementor-section-items-middle\" data-id=\"4c91d693\" data-element_type=\"section\" data-e-type=\"section\" data-settings=\"{&quot;background_background&quot;:&quot;classic&quot;}\">\n\t\t\t\t\t\t\t<div class=\"elementor-background-overlay\"><\/div>\n\t\t\t\t\t\t\t<div class=\"elementor-container elementor-column-gap-default\">\n\t\t\t\t\t<div class=\"elementor-column elementor-col-100 elementor-top-column elementor-element elementor-element-1c8b0ada\" data-id=\"1c8b0ada\" data-element_type=\"column\" data-e-type=\"column\">\n\t\t\t<div class=\"elementor-widget-wrap elementor-element-populated\">\n\t\t\t\t\t\t<div class=\"elementor-element elementor-element-309e2536 elementor-widget elementor-widget-heading\" data-id=\"309e2536\" data-element_type=\"widget\" data-e-type=\"widget\" data-widget_type=\"heading.default\">\n\t\t\t\t<div class=\"elementor-widget-container\">\n\t\t\t\t\t<h1 class=\"elementor-heading-title elementor-size-default\">Tagungsr\u00e4ume und Konferenzr\u00e4ume<\/h1>\t\t\t\t<\/div>\n\t\t\t\t<\/div>\n\t\t\t\t\t<\/div>\n\t\t<\/div>\n\t\t\t\t\t<\/div>\n\t\t<\/section>\n\t\t\t\t<section class=\"elementor-section elementor-top-section elementor-element elementor-element-71c41823 elementor-section-boxed elementor-section-height-default elementor-section-height-default\" data-id=\"71c41823\" data-element_type=\"section\" data-e-type=\"section\">\n\t\t\t\t\t\t<div class=\"elementor-container elementor-column-gap-default\">\n\t\t\t\t\t<div class=\"elementor-column elementor-col-100 elementor-top-column elementor-element elementor-element-69015a11\" data-id=\"69015a11\" data-element_type=\"column\" data-e-type=\"column\">\n\t\t\t<div class=\"elementor-widget-wrap elementor-element-populated\">\n\t\t\t\t\t\t<section class=\"elementor-section elementor-inner-section elementor-element elementor-element-33d0eeb4 elementor-section-boxed elementor-section-height-default elementor-section-height-default\" data-id=\"33d0eeb4\" data-element_type=\"section\" data-e-type=\"section\">\n\t\t\t\t\t\t<div class=\"elementor-container elementor-column-gap-default\">\n\t\t\t\t\t<div class=\"elementor-column elementor-col-50 elementor-inner-column elementor-element elementor-element-3ccd8d94\" data-id=\"3ccd8d94\" data-element_type=\"column\" data-e-type=\"column\">\n\t\t\t<div class=\"elementor-widget-wrap elementor-element-populated\">\n\t\t\t\t\t\t<div class=\"elementor-element elementor-element-324c7685 elementor-widget elementor-widget-image\" data-id=\"324c7685\" data-element_type=\"widget\" data-e-type=\"widget\" data-widget_type=\"image.default\">\n\t\t\t\t<div class=\"elementor-widget-container\">\n\t\t\t\t\t\t\t\t\t\t\t\t\t\t\t<img decoding=\"async\" src=\"https:\/\/lauvoy.no\/wp-content\/uploads\/elementor\/thumbs\/20231121_145936-qfqdvwswfzi1c98ydjqm13roai6tp6qpc561on9rgm.jpg\" title=\"20231121_145936\" alt=\"20231121_145936\" loading=\"lazy\" \/>\t\t\t\t\t\t\t\t\t\t\t\t\t\t\t<\/div>\n\t\t\t\t<\/div>\n\t\t\t\t<div class=\"elementor-element elementor-element-2ff5b896 elementor-icon-list--layout-inline elementor-list-item-link-full_width elementor-widget elementor-widget-icon-list\" data-id=\"2ff5b896\" data-element_type=\"widget\" data-e-type=\"widget\" data-widget_type=\"icon-list.default\">\n\t\t\t\t<div class=\"elementor-widget-container\">\n\t\t\t\t\t\t\t<ul class=\"elementor-icon-list-items elementor-inline-items\">\n\t\t\t\t\t\t\t<li class=\"elementor-icon-list-item elementor-inline-item\">\n\t\t\t\t\t\t\t\t\t\t\t<span class=\"elementor-icon-list-icon\">\n\t\t\t\t\t\t\t<i aria-hidden=\"true\" class=\"fas fa-map-marker-alt\"><\/i>\t\t\t\t\t\t<\/span>\n\t\t\t\t\t\t\t\t\t\t<span class=\"elementor-icon-list-text\">Lauv\u00f8y Ferienzentrum<\/span>\n\t\t\t\t\t\t\t\t\t<\/li>\n\t\t\t\t\t\t\t\t<li class=\"elementor-icon-list-item elementor-inline-item\">\n\t\t\t\t\t\t\t\t\t\t\t<span class=\"elementor-icon-list-icon\">\n\t\t\t\t\t\t\t<i aria-hidden=\"true\" class=\"fas fa-user-alt\"><\/i>\t\t\t\t\t\t<\/span>\n\t\t\t\t\t\t\t\t\t\t<span class=\"elementor-icon-list-text\">24 - 30<\/span>\n\t\t\t\t\t\t\t\t\t<\/li>\n\t\t\t\t\t\t<\/ul>\n\t\t\t\t\t\t<\/div>\n\t\t\t\t<\/div>\n\t\t\t\t<div class=\"elementor-element elementor-element-5cabadf9 elementor-widget elementor-widget-heading\" data-id=\"5cabadf9\" data-element_type=\"widget\" data-e-type=\"widget\" data-widget_type=\"heading.default\">\n\t\t\t\t<div class=\"elementor-widget-container\">\n\t\t\t\t\t<h3 class=\"elementor-heading-title elementor-size-default\"><a href=\"#\">Tagungsr\u00e4ume und Konferenzr\u00e4ume<\/a><\/h3>\t\t\t\t<\/div>\n\t\t\t\t<\/div>\n\t\t\t\t<div class=\"elementor-element elementor-element-4163754d elementor-widget elementor-widget-text-editor\" data-id=\"4163754d\" data-element_type=\"widget\" data-e-type=\"widget\" data-widget_type=\"text-editor.default\">\n\t\t\t\t<div class=\"elementor-widget-container\">\n\t\t\t\t\t\t\t\t\t<p>In ruhiger und landschaftlich sch\u00f6ner Umgebung k\u00f6nnen Kurse, Konferenzen oder Firmenmeetings aller Art abgehalten werden. Wir stellen Tische und St\u00fchle nach Ihren W\u00fcnschen auf und unterst\u00fctzen Sie gerne, damit Sie ein sch\u00f6nes Erlebnis haben. Wir haben einen Projektor, ein Whiteboard, eine Kaffeemaschine und einen Wasserkocher zur freien Verf\u00fcgung.<\/p><p>Kommen Sie gerne vorbei f\u00fcr eine unverbindliche Besichtigung!<\/p>\t\t\t\t\t\t\t\t<\/div>\n\t\t\t\t<\/div>\n\t\t\t\t<div class=\"elementor-element elementor-element-4372da41 elementor-icon-list--layout-inline elementor-list-item-link-full_width elementor-widget elementor-widget-icon-list\" data-id=\"4372da41\" data-element_type=\"widget\" data-e-type=\"widget\" data-widget_type=\"icon-list.default\">\n\t\t\t\t<div class=\"elementor-widget-container\">\n\t\t\t\t\t\t\t<ul class=\"elementor-icon-list-items elementor-inline-items\">\n\t\t\t\t\t\t\t<li class=\"elementor-icon-list-item elementor-inline-item\">\n\t\t\t\t\t\t\t\t\t\t\t<span class=\"elementor-icon-list-icon\">\n\t\t\t\t\t\t\t<i aria-hidden=\"true\" class=\"fas fa-chair\"><\/i>\t\t\t\t\t\t<\/span>\n\t\t\t\t\t\t\t\t\t\t<span class=\"elementor-icon-list-text\">30 Sitzpl\u00e4tze<\/span>\n\t\t\t\t\t\t\t\t\t<\/li>\n\t\t\t\t\t\t\t\t<li class=\"elementor-icon-list-item elementor-inline-item\">\n\t\t\t\t\t\t\t\t\t\t\t<span class=\"elementor-icon-list-icon\">\n\t\t\t\t\t\t\t<i aria-hidden=\"true\" class=\"fas fa-map-marker-alt\"><\/i>\t\t\t\t\t\t<\/span>\n\t\t\t\t\t\t\t\t\t\t<span class=\"elementor-icon-list-text\">25 Minuten von Bergen entfernt<\/span>\n\t\t\t\t\t\t\t\t\t<\/li>\n\t\t\t\t\t\t<\/ul>\n\t\t\t\t\t\t<\/div>\n\t\t\t\t<\/div>\n\t\t\t\t\t<\/div>\n\t\t<\/div>\n\t\t\t\t<div class=\"elementor-column elementor-col-50 elementor-inner-column elementor-element elementor-element-555c01e\" data-id=\"555c01e\" data-element_type=\"column\" data-e-type=\"column\">\n\t\t\t<div class=\"elementor-widget-wrap elementor-element-populated\">\n\t\t\t\t\t\t<div class=\"elementor-element elementor-element-6d10e363 elementor-widget elementor-widget-image\" data-id=\"6d10e363\" data-element_type=\"widget\" data-e-type=\"widget\" data-widget_type=\"image.default\">\n\t\t\t\t<div class=\"elementor-widget-container\">\n\t\t\t\t\t\t\t\t\t\t\t\t\t\t\t<img fetchpriority=\"high\" decoding=\"async\" width=\"2560\" height=\"1707\" src=\"https:\/\/lauvoy.no\/wp-content\/uploads\/2023\/06\/AdobeStock_491384625-scaled.jpeg\" class=\"attachment-full size-full wp-image-1300\" alt=\"\" srcset=\"https:\/\/lauvoy.no\/wp-content\/uploads\/2023\/06\/AdobeStock_491384625-scaled.jpeg 2560w, https:\/\/lauvoy.no\/wp-content\/uploads\/2023\/06\/AdobeStock_491384625-300x200.jpeg 300w, https:\/\/lauvoy.no\/wp-content\/uploads\/2023\/06\/AdobeStock_491384625-1024x683.jpeg 1024w, https:\/\/lauvoy.no\/wp-content\/uploads\/2023\/06\/AdobeStock_491384625-768x512.jpeg 768w, https:\/\/lauvoy.no\/wp-content\/uploads\/2023\/06\/AdobeStock_491384625-1536x1024.jpeg 1536w\" sizes=\"(max-width: 2560px) 100vw, 2560px\" \/>\t\t\t\t\t\t\t\t\t\t\t\t\t\t\t<\/div>\n\t\t\t\t<\/div>\n\t\t\t\t<div class=\"elementor-element elementor-element-db618be elementor-icon-list--layout-inline elementor-list-item-link-full_width elementor-widget elementor-widget-icon-list\" data-id=\"db618be\" data-element_type=\"widget\" data-e-type=\"widget\" data-widget_type=\"icon-list.default\">\n\t\t\t\t<div class=\"elementor-widget-container\">\n\t\t\t\t\t\t\t<ul class=\"elementor-icon-list-items elementor-inline-items\">\n\t\t\t\t\t\t\t<li class=\"elementor-icon-list-item elementor-inline-item\">\n\t\t\t\t\t\t\t\t\t\t\t<span class=\"elementor-icon-list-icon\">\n\t\t\t\t\t\t\t<i aria-hidden=\"true\" class=\"fas fa-bread-slice\"><\/i>\t\t\t\t\t\t<\/span>\n\t\t\t\t\t\t\t\t\t\t<span class=\"elementor-icon-list-text\">Fr\u00fchst\u00fcck<\/span>\n\t\t\t\t\t\t\t\t\t<\/li>\n\t\t\t\t\t\t\t\t<li class=\"elementor-icon-list-item elementor-inline-item\">\n\t\t\t\t\t\t\t\t\t\t\t<span class=\"elementor-icon-list-icon\">\n\t\t\t\t\t\t\t<i aria-hidden=\"true\" class=\"fas fa-egg\"><\/i>\t\t\t\t\t\t<\/span>\n\t\t\t\t\t\t\t\t\t\t<span class=\"elementor-icon-list-text\">Mittagessen<\/span>\n\t\t\t\t\t\t\t\t\t<\/li>\n\t\t\t\t\t\t\t\t<li class=\"elementor-icon-list-item elementor-inline-item\">\n\t\t\t\t\t\t\t\t\t\t\t<span class=\"elementor-icon-list-icon\">\n\t\t\t\t\t\t\t<i aria-hidden=\"true\" class=\"fas fa-fish\"><\/i>\t\t\t\t\t\t<\/span>\n\t\t\t\t\t\t\t\t\t\t<span class=\"elementor-icon-list-text\">Abendessen<\/span>\n\t\t\t\t\t\t\t\t\t<\/li>\n\t\t\t\t\t\t<\/ul>\n\t\t\t\t\t\t<\/div>\n\t\t\t\t<\/div>\n\t\t\t\t<div class=\"elementor-element elementor-element-603140f3 elementor-widget elementor-widget-heading\" data-id=\"603140f3\" data-element_type=\"widget\" data-e-type=\"widget\" data-widget_type=\"heading.default\">\n\t\t\t\t<div class=\"elementor-widget-container\">\n\t\t\t\t\t<h3 class=\"elementor-heading-title elementor-size-default\"><a href=\"#\">Portion\n<\/a><\/h3>\t\t\t\t<\/div>\n\t\t\t\t<\/div>\n\t\t\t\t<div class=\"elementor-element elementor-element-36032a4c elementor-widget elementor-widget-text-editor\" data-id=\"36032a4c\" data-element_type=\"widget\" data-e-type=\"widget\" data-widget_type=\"text-editor.default\">\n\t\t\t\t<div class=\"elementor-widget-container\">\n\t\t\t\t\t\t\t\t\t<p>Gerne organisieren wir alles, was Sie f\u00fcr die Durchf\u00fchrung Ihrer Tagung ben\u00f6tigen. Wenn Sie eine komplette Verpflegung mit Mittag-, Abendessen und Fr\u00fchst\u00fcck w\u00fcnschen, organisieren wir dies. <\/p>\t\t\t\t\t\t\t\t<\/div>\n\t\t\t\t<\/div>\n\t\t\t\t<div class=\"elementor-element elementor-element-477d32a7 elementor-widget elementor-widget-spacer\" data-id=\"477d32a7\" data-element_type=\"widget\" data-e-type=\"widget\" data-widget_type=\"spacer.default\">\n\t\t\t\t<div class=\"elementor-widget-container\">\n\t\t\t\t\t\t\t<div class=\"elementor-spacer\">\n\t\t\t<div class=\"elementor-spacer-inner\"><\/div>\n\t\t<\/div>\n\t\t\t\t\t\t<\/div>\n\t\t\t\t<\/div>\n\t\t\t\t\t<\/div>\n\t\t<\/div>\n\t\t\t\t\t<\/div>\n\t\t<\/section>\n\t\t\t\t\t<\/div>\n\t\t<\/div>\n\t\t\t\t\t<\/div>\n\t\t<\/section>\n\t\t\t\t<section class=\"elementor-section elementor-top-section elementor-element elementor-element-cb8213e elementor-section-height-min-height elementor-section-stretched elementor-hidden-tablet elementor-hidden-mobile elementor-section-boxed elementor-section-height-default elementor-section-items-middle\" data-id=\"cb8213e\" data-element_type=\"section\" data-e-type=\"section\" data-settings=\"{&quot;background_background&quot;:&quot;classic&quot;,&quot;stretch_section&quot;:&quot;section-stretched&quot;}\">\n\t\t\t\t\t\t\t<div class=\"elementor-background-overlay\"><\/div>\n\t\t\t\t\t\t\t<div class=\"elementor-container elementor-column-gap-default\">\n\t\t\t\t\t<div class=\"elementor-column elementor-col-100 elementor-top-column elementor-element elementor-element-8971b65\" data-id=\"8971b65\" data-element_type=\"column\" data-e-type=\"column\">\n\t\t\t<div class=\"elementor-widget-wrap elementor-element-populated\">\n\t\t\t\t\t\t<div class=\"elementor-element elementor-element-6ada105 elementor-widget elementor-widget-heading\" data-id=\"6ada105\" data-element_type=\"widget\" data-e-type=\"widget\" data-widget_type=\"heading.default\">\n\t\t\t\t<div class=\"elementor-widget-container\">\n\t\t\t\t\t<h2 class=\"elementor-heading-title elementor-size-default\">Buchen Sie jetzt Ihren Urlaub!<\/h2>\t\t\t\t<\/div>\n\t\t\t\t<\/div>\n\t\t\t\t<div class=\"elementor-element elementor-element-2c18579 elementor-widget elementor-widget-heading\" data-id=\"2c18579\" data-element_type=\"widget\" data-e-type=\"widget\" data-widget_type=\"heading.default\">\n\t\t\t\t<div class=\"elementor-widget-container\">\n\t\t\t\t\t<h5 class=\"elementor-heading-title elementor-size-default\">Senden Sie uns hier eine Anfrage:<\/h5>\t\t\t\t<\/div>\n\t\t\t\t<\/div>\n\t\t\t\t<div class=\"elementor-element elementor-element-be9d13f elementor-align-center elementor-widget elementor-widget-button\" data-id=\"be9d13f\" data-element_type=\"widget\" data-e-type=\"widget\" data-widget_type=\"button.default\">\n\t\t\t\t<div class=\"elementor-widget-container\">\n\t\t\t\t\t\t\t\t\t<div class=\"elementor-button-wrapper\">\n\t\t\t\t\t<a class=\"elementor-button elementor-button-link elementor-size-sm elementor-animation-grow\" href=\"https:\/\/lauvoy.no\/de\/buchung\/\">\n\t\t\t\t\t\t<span class=\"elementor-button-content-wrapper\">\n\t\t\t\t\t\t<span class=\"elementor-button-icon\">\n\t\t\t\t<i aria-hidden=\"true\" class=\"icon icon-right-arrow\"><\/i>\t\t\t<\/span>\n\t\t\t\t\t\t\t\t\t<span class=\"elementor-button-text\">Buchen Sie jetzt<\/span>\n\t\t\t\t\t<\/span>\n\t\t\t\t\t<\/a>\n\t\t\t\t<\/div>\n\t\t\t\t\t\t\t\t<\/div>\n\t\t\t\t<\/div>\n\t\t\t\t\t<\/div>\n\t\t<\/div>\n\t\t\t\t\t<\/div>\n\t\t<\/section>\n\t\t\t\t<\/div>\n\t\t","protected":false},"excerpt":{"rendered":"<p>Tagungsr\u00e4ume und Konferenzr\u00e4ume Lauv\u00f8y Ferienzentrum 24 &#8211; 30 Tagungsr\u00e4ume und Konferenzr\u00e4ume In ruhiger und landschaftlich sch\u00f6ner Umgebung k\u00f6nnen Kurse, Konferenzen oder Firmenmeetings aller Art abgehalten werden. Wir stellen Tische und St\u00fchle nach Ihren W\u00fcnschen auf und unterst\u00fctzen Sie gerne, damit Sie ein sch\u00f6nes Erlebnis haben. Wir haben einen Projektor, ein Whiteboard, eine Kaffeemaschine und einen [&hellip;]<\/p>\n","protected":false},"author":1,"featured_media":0,"parent":0,"menu_order":0,"comment_status":"closed","ping_status":"closed","template":"elementor_header_footer","meta":{"footnotes":""},"class_list":["post-1298","page","type-page","status-publish","hentry"],"yoast_head":"<!-- This site is optimized with the Yoast SEO plugin v27.4 - https:\/\/yoast.com\/product\/yoast-seo-wordpress\/ -->\n<title>Tagungsr\u00e4ume und Konferenzr\u00e4ume - Lauv\u00f8y Feriesenter<\/title>\n<meta name=\"robots\" content=\"index, follow, max-snippet:-1, max-image-preview:large, max-video-preview:-1\" \/>\n<link rel=\"canonical\" href=\"https:\/\/lauvoy.no\/de\/tagungsraeume-und-konferenzraeume\/\" \/>\n<meta property=\"og:locale\" content=\"de_DE\" \/>\n<meta property=\"og:type\" content=\"article\" \/>\n<meta property=\"og:title\" content=\"Tagungsr\u00e4ume und Konferenzr\u00e4ume - Lauv\u00f8y Feriesenter\" \/>\n<meta property=\"og:description\" content=\"Tagungsr\u00e4ume und Konferenzr\u00e4ume Lauv\u00f8y Ferienzentrum 24 &#8211; 30 Tagungsr\u00e4ume und Konferenzr\u00e4ume In ruhiger und landschaftlich sch\u00f6ner Umgebung k\u00f6nnen Kurse, Konferenzen oder Firmenmeetings aller Art abgehalten werden. Wir stellen Tische und St\u00fchle nach Ihren W\u00fcnschen auf und unterst\u00fctzen Sie gerne, damit Sie ein sch\u00f6nes Erlebnis haben. Wir haben einen Projektor, ein Whiteboard, eine Kaffeemaschine und einen [&hellip;]\" \/>\n<meta property=\"og:url\" content=\"https:\/\/lauvoy.no\/de\/tagungsraeume-und-konferenzraeume\/\" \/>\n<meta property=\"og:site_name\" content=\"Lauv\u00f8y Feriesenter\" \/>\n<meta property=\"article:modified_time\" content=\"2025-11-20T07:38:46+00:00\" \/>\n<meta property=\"og:image\" content=\"https:\/\/lauvoy.no\/wp-content\/uploads\/elementor\/thumbs\/20231121_145936-qfqdvwswfzi1c98ydjqm13roai6tp6qpc561on9rgm.jpg\" \/>\n<meta name=\"twitter:card\" content=\"summary_large_image\" \/>\n<meta name=\"twitter:label1\" content=\"Gesch\u00e4tzte Lesezeit\" \/>\n\t<meta name=\"twitter:data1\" content=\"1\u00a0Minute\" \/>\n<script type=\"application\/ld+json\" class=\"yoast-schema-graph\">{\"@context\":\"https:\\\/\\\/schema.org\",\"@graph\":[{\"@type\":\"WebPage\",\"@id\":\"https:\\\/\\\/lauvoy.no\\\/de\\\/tagungsraeume-und-konferenzraeume\\\/\",\"url\":\"https:\\\/\\\/lauvoy.no\\\/de\\\/tagungsraeume-und-konferenzraeume\\\/\",\"name\":\"Tagungsr\u00e4ume und Konferenzr\u00e4ume - Lauv\u00f8y Feriesenter\",\"isPartOf\":{\"@id\":\"https:\\\/\\\/lauvoy.no\\\/#website\"},\"primaryImageOfPage\":{\"@id\":\"https:\\\/\\\/lauvoy.no\\\/de\\\/tagungsraeume-und-konferenzraeume\\\/#primaryimage\"},\"image\":{\"@id\":\"https:\\\/\\\/lauvoy.no\\\/de\\\/tagungsraeume-und-konferenzraeume\\\/#primaryimage\"},\"thumbnailUrl\":\"https:\\\/\\\/lauvoy.no\\\/wp-content\\\/uploads\\\/elementor\\\/thumbs\\\/20231121_145936-qfqdvwswfzi1c98ydjqm13roai6tp6qpc561on9rgm.jpg\",\"datePublished\":\"2023-06-29T06:36:50+00:00\",\"dateModified\":\"2025-11-20T07:38:46+00:00\",\"breadcrumb\":{\"@id\":\"https:\\\/\\\/lauvoy.no\\\/de\\\/tagungsraeume-und-konferenzraeume\\\/#breadcrumb\"},\"inLanguage\":\"de\",\"potentialAction\":[{\"@type\":\"ReadAction\",\"target\":[\"https:\\\/\\\/lauvoy.no\\\/de\\\/tagungsraeume-und-konferenzraeume\\\/\"]}]},{\"@type\":\"ImageObject\",\"inLanguage\":\"de\",\"@id\":\"https:\\\/\\\/lauvoy.no\\\/de\\\/tagungsraeume-und-konferenzraeume\\\/#primaryimage\",\"url\":\"https:\\\/\\\/lauvoy.no\\\/wp-content\\\/uploads\\\/elementor\\\/thumbs\\\/20231121_145936-qfqdvwswfzi1c98ydjqm13roai6tp6qpc561on9rgm.jpg\",\"contentUrl\":\"https:\\\/\\\/lauvoy.no\\\/wp-content\\\/uploads\\\/elementor\\\/thumbs\\\/20231121_145936-qfqdvwswfzi1c98ydjqm13roai6tp6qpc561on9rgm.jpg\"},{\"@type\":\"BreadcrumbList\",\"@id\":\"https:\\\/\\\/lauvoy.no\\\/de\\\/tagungsraeume-und-konferenzraeume\\\/#breadcrumb\",\"itemListElement\":[{\"@type\":\"ListItem\",\"position\":1,\"name\":\"Home\",\"item\":\"https:\\\/\\\/lauvoy.no\\\/de\\\/hjem\\\/\"},{\"@type\":\"ListItem\",\"position\":2,\"name\":\"Tagungsr\u00e4ume und Konferenzr\u00e4ume\"}]},{\"@type\":\"WebSite\",\"@id\":\"https:\\\/\\\/lauvoy.no\\\/#website\",\"url\":\"https:\\\/\\\/lauvoy.no\\\/\",\"name\":\"Lauv\u00f8y Feriesenter\",\"description\":\"Fiskeferie p\u00e5 Vestlandet\",\"publisher\":{\"@id\":\"https:\\\/\\\/lauvoy.no\\\/#organization\"},\"potentialAction\":[{\"@type\":\"SearchAction\",\"target\":{\"@type\":\"EntryPoint\",\"urlTemplate\":\"https:\\\/\\\/lauvoy.no\\\/?s={search_term_string}\"},\"query-input\":{\"@type\":\"PropertyValueSpecification\",\"valueRequired\":true,\"valueName\":\"search_term_string\"}}],\"inLanguage\":\"de\"},{\"@type\":\"Organization\",\"@id\":\"https:\\\/\\\/lauvoy.no\\\/#organization\",\"name\":\"Lauv\u00f8y Feriesenter\",\"url\":\"https:\\\/\\\/lauvoy.no\\\/\",\"logo\":{\"@type\":\"ImageObject\",\"inLanguage\":\"de\",\"@id\":\"https:\\\/\\\/lauvoy.no\\\/#\\\/schema\\\/logo\\\/image\\\/\",\"url\":\"https:\\\/\\\/lauvoy.no\\\/wp-content\\\/uploads\\\/2023\\\/03\\\/cropped-lauvoy-logo.png\",\"contentUrl\":\"https:\\\/\\\/lauvoy.no\\\/wp-content\\\/uploads\\\/2023\\\/03\\\/cropped-lauvoy-logo.png\",\"width\":150,\"height\":150,\"caption\":\"Lauv\u00f8y Feriesenter\"},\"image\":{\"@id\":\"https:\\\/\\\/lauvoy.no\\\/#\\\/schema\\\/logo\\\/image\\\/\"}}]}<\/script>\n<!-- \/ Yoast SEO plugin. -->","yoast_head_json":{"title":"Tagungsr\u00e4ume und Konferenzr\u00e4ume - Lauv\u00f8y Feriesenter","robots":{"index":"index","follow":"follow","max-snippet":"max-snippet:-1","max-image-preview":"max-image-preview:large","max-video-preview":"max-video-preview:-1"},"canonical":"https:\/\/lauvoy.no\/de\/tagungsraeume-und-konferenzraeume\/","og_locale":"de_DE","og_type":"article","og_title":"Tagungsr\u00e4ume und Konferenzr\u00e4ume - Lauv\u00f8y Feriesenter","og_description":"Tagungsr\u00e4ume und Konferenzr\u00e4ume Lauv\u00f8y Ferienzentrum 24 &#8211; 30 Tagungsr\u00e4ume und Konferenzr\u00e4ume In ruhiger und landschaftlich sch\u00f6ner Umgebung k\u00f6nnen Kurse, Konferenzen oder Firmenmeetings aller Art abgehalten werden. Wir stellen Tische und St\u00fchle nach Ihren W\u00fcnschen auf und unterst\u00fctzen Sie gerne, damit Sie ein sch\u00f6nes Erlebnis haben. Wir haben einen Projektor, ein Whiteboard, eine Kaffeemaschine und einen [&hellip;]","og_url":"https:\/\/lauvoy.no\/de\/tagungsraeume-und-konferenzraeume\/","og_site_name":"Lauv\u00f8y Feriesenter","article_modified_time":"2025-11-20T07:38:46+00:00","og_image":[{"url":"https:\/\/lauvoy.no\/wp-content\/uploads\/elementor\/thumbs\/20231121_145936-qfqdvwswfzi1c98ydjqm13roai6tp6qpc561on9rgm.jpg","type":"","width":"","height":""}],"twitter_card":"summary_large_image","twitter_misc":{"Gesch\u00e4tzte Lesezeit":"1\u00a0Minute"},"schema":{"@context":"https:\/\/schema.org","@graph":[{"@type":"WebPage","@id":"https:\/\/lauvoy.no\/de\/tagungsraeume-und-konferenzraeume\/","url":"https:\/\/lauvoy.no\/de\/tagungsraeume-und-konferenzraeume\/","name":"Tagungsr\u00e4ume und Konferenzr\u00e4ume - Lauv\u00f8y Feriesenter","isPartOf":{"@id":"https:\/\/lauvoy.no\/#website"},"primaryImageOfPage":{"@id":"https:\/\/lauvoy.no\/de\/tagungsraeume-und-konferenzraeume\/#primaryimage"},"image":{"@id":"https:\/\/lauvoy.no\/de\/tagungsraeume-und-konferenzraeume\/#primaryimage"},"thumbnailUrl":"https:\/\/lauvoy.no\/wp-content\/uploads\/elementor\/thumbs\/20231121_145936-qfqdvwswfzi1c98ydjqm13roai6tp6qpc561on9rgm.jpg","datePublished":"2023-06-29T06:36:50+00:00","dateModified":"2025-11-20T07:38:46+00:00","breadcrumb":{"@id":"https:\/\/lauvoy.no\/de\/tagungsraeume-und-konferenzraeume\/#breadcrumb"},"inLanguage":"de","potentialAction":[{"@type":"ReadAction","target":["https:\/\/lauvoy.no\/de\/tagungsraeume-und-konferenzraeume\/"]}]},{"@type":"ImageObject","inLanguage":"de","@id":"https:\/\/lauvoy.no\/de\/tagungsraeume-und-konferenzraeume\/#primaryimage","url":"https:\/\/lauvoy.no\/wp-content\/uploads\/elementor\/thumbs\/20231121_145936-qfqdvwswfzi1c98ydjqm13roai6tp6qpc561on9rgm.jpg","contentUrl":"https:\/\/lauvoy.no\/wp-content\/uploads\/elementor\/thumbs\/20231121_145936-qfqdvwswfzi1c98ydjqm13roai6tp6qpc561on9rgm.jpg"},{"@type":"BreadcrumbList","@id":"https:\/\/lauvoy.no\/de\/tagungsraeume-und-konferenzraeume\/#breadcrumb","itemListElement":[{"@type":"ListItem","position":1,"name":"Home","item":"https:\/\/lauvoy.no\/de\/hjem\/"},{"@type":"ListItem","position":2,"name":"Tagungsr\u00e4ume und Konferenzr\u00e4ume"}]},{"@type":"WebSite","@id":"https:\/\/lauvoy.no\/#website","url":"https:\/\/lauvoy.no\/","name":"Lauv\u00f8y Feriesenter","description":"Fiskeferie p\u00e5 Vestlandet","publisher":{"@id":"https:\/\/lauvoy.no\/#organization"},"potentialAction":[{"@type":"SearchAction","target":{"@type":"EntryPoint","urlTemplate":"https:\/\/lauvoy.no\/?s={search_term_string}"},"query-input":{"@type":"PropertyValueSpecification","valueRequired":true,"valueName":"search_term_string"}}],"inLanguage":"de"},{"@type":"Organization","@id":"https:\/\/lauvoy.no\/#organization","name":"Lauv\u00f8y Feriesenter","url":"https:\/\/lauvoy.no\/","logo":{"@type":"ImageObject","inLanguage":"de","@id":"https:\/\/lauvoy.no\/#\/schema\/logo\/image\/","url":"https:\/\/lauvoy.no\/wp-content\/uploads\/2023\/03\/cropped-lauvoy-logo.png","contentUrl":"https:\/\/lauvoy.no\/wp-content\/uploads\/2023\/03\/cropped-lauvoy-logo.png","width":150,"height":150,"caption":"Lauv\u00f8y Feriesenter"},"image":{"@id":"https:\/\/lauvoy.no\/#\/schema\/logo\/image\/"}}]}},"_links":{"self":[{"href":"https:\/\/lauvoy.no\/de\/wp-json\/wp\/v2\/pages\/1298","targetHints":{"allow":["GET"]}}],"collection":[{"href":"https:\/\/lauvoy.no\/de\/wp-json\/wp\/v2\/pages"}],"about":[{"href":"https:\/\/lauvoy.no\/de\/wp-json\/wp\/v2\/types\/page"}],"author":[{"embeddable":true,"href":"https:\/\/lauvoy.no\/de\/wp-json\/wp\/v2\/users\/1"}],"replies":[{"embeddable":true,"href":"https:\/\/lauvoy.no\/de\/wp-json\/wp\/v2\/comments?post=1298"}],"version-history":[{"count":5,"href":"https:\/\/lauvoy.no\/de\/wp-json\/wp\/v2\/pages\/1298\/revisions"}],"predecessor-version":[{"id":2458,"href":"https:\/\/lauvoy.no\/de\/wp-json\/wp\/v2\/pages\/1298\/revisions\/2458"}],"wp:attachment":[{"href":"https:\/\/lauvoy.no\/de\/wp-json\/wp\/v2\/media?parent=1298"}],"curies":[{"name":"wp","href":"https:\/\/api.w.org\/{rel}","templated":true}]}}