{"id":1307,"date":"2023-03-30T10:55:20","date_gmt":"2023-03-30T10:55:20","guid":{"rendered":"https:\/\/lauvoy.no\/datenschutzerklaerung\/"},"modified":"2023-10-05T11:00:53","modified_gmt":"2023-10-05T11:00:53","slug":"datenschutzerklaerung","status":"publish","type":"page","link":"https:\/\/lauvoy.no\/de\/datenschutzerklaerung\/","title":{"rendered":"Datenschutzerkl\u00e4rung"},"content":{"rendered":"\n<p>Wir verwenden Cookies, um Ihnen ein m\u00f6glichst gutes Benutzererlebnis zu bieten. Durch die weitere Nutzung der Website akzeptieren Sie die Verwendung dieser Informationen.<\/p>\n\n<p>Auf dieser Website protokollieren wir anonyme Informationen \u00fcber alle Besucher. Wir verwenden Cookies haupts\u00e4chlich zur Verkehrsmessung und Optimierung von Inhalten und Benutzererlebnis. Diese Informationen werden anonymisiert und lassen keinen R\u00fcckschluss auf Ihre Person zu.<\/p>\n\n<p>Diese Datenschutzerkl\u00e4rung wurde ver\u00f6ffentlicht: 05.09.23<\/p>\n\n<p><strong>Cookies \u2013 was sie sind und wie sie funktionieren<\/strong><\/p>\n\n<p>Informations-Cookies \u2013 oder Cookies \u2013 werden heutzutage von der \u00fcberwiegenden Mehrheit der Websites verwendet. Ein Cookie ist eine kleine Textdatei, die im internen Speicher Ihres Browsers abgelegt wird und es uns erm\u00f6glicht zu sehen, worauf Sie klicken, wie Sie auf der Website navigieren und wie der Inhalt der Website funktioniert. Wir erfassen auch Informationen \u00fcber die Navigation, die Besuchszeit, den von Ihnen verwendeten Browser usw. Wir tun dies, um den Inhalt der Website bestm\u00f6glich auf Sie als Nutzer anpassen zu k\u00f6nnen. Die meisten Browser (Google Chrome, Firefox, Internet Explorer, Safari usw.) sind so eingestellt, dass sie Cookies automatisch akzeptieren. Sie k\u00f6nnen die Einstellungen jedoch selbst \u00e4ndern, sodass Cookies nicht akzeptiert werden. Bitte beachten Sie, dass dies dazu f\u00fchren kann, dass viele Websites nicht mehr ordnungsgem\u00e4\u00df funktionieren.<\/p>\n\n<p><strong>Wof\u00fcr wir Cookies verwenden<\/strong><\/p>\n\n<p><strong>Google Analytics<\/strong><\/p>\n\n<p>Das Analysetool Google Analytics dient der Untersuchung von Traffic, Nutzungsmustern und Trends auf der Website. Die erhobenen Daten werden verwendet, um das Benutzererlebnis zu optimieren und den Inhalt der Website anzupassen. Gem\u00e4\u00df den Google-Richtlinien zur Nutzung von Google Analytics werden keine personenbezogenen Daten \u00fcber Sie als Nutzer erfasst. Die erhobenen Daten werden auf den Servern von Google gespeichert. Wenn Sie der Erfassung von Daten \u00fcber Sie durch Google Analytics widersprechen m\u00f6chten, k\u00f6nnen Sie <a href=\"https:\/\/tools.google.com\/dlpage\/gaoptout\/\">einen Ausschluss beantragen<\/a> .<\/p>\n\n<p><strong>Google Tag Manager<\/strong><\/p>\n\n<p>Google Tag Manager verwaltet Tracking-Codes und verweist auf die Einrichtung und Nachverfolgung von Drittanbieterl\u00f6sungen wie Universal Analytics (Google Analytics) und wird zur Optimierung der Website und der Marketingdienste verwendet. Alle Tracking-Codes werden \u00fcber den Google Tag Manager ausgef\u00fchrt und verwaltet.<\/p>\n\n<p>Was gespeichert wird: Ihre Bewegungen und bestimmte Aktionen auf der Website (z. B. wenn Sie in einem Online-Shop auf \u201eIn den Warenkorb\u201c klicken). Alle Daten werden anonymisiert und wir speichern keine sensiblen Informationen wie Kreditkartendaten, Telefonnummer, Adresse oder andere Daten, die Sie als Person identifizieren k\u00f6nnten.<\/p>\n\n<p><strong>Facebook-Pixel<\/strong><\/p>\n\n<p>Der Facebook-Pixel ist ein Analysetool, mit dem wir die Wirksamkeit der Werbung von Facebook messen k\u00f6nnen, indem wir die Aktionen verfolgen, die der Benutzer auf der Website ausf\u00fchrt, um Facebook-Anzeigen zu optimieren (Zielgruppenaufbau und Remarketing). Man kann diese Informationen verwenden, um:<\/p>\n\n<ul class=\"wp-block-list\">\n<li>Stellen Sie sicher, dass Anzeigen den richtigen Personen angezeigt werden<\/li>\n\n\n\n<li>Bauen Sie ein Anzeigenpublikum auf<\/li>\n\n\n\n<li>Schalten Sie zus\u00e4tzliche Werbetools auf Facebook frei<\/li>\n<\/ul>\n\n<p>Was wird gespeichert: Welche Werbeanzeigen der Nutzer auf Facebook gesehen hat, welche Seiten der Nutzer besucht hat und welche Conversions (Bestellung, Kontaktaufnahme etc.) der Nutzer durchgef\u00fchrt hat.<\/p>\n\n<p><strong>Hotjar<\/strong><\/p>\n\n<p>Zeichnet die Interaktion des Benutzers mit der Website auf. Um uns zu helfen, zu verstehen, wie Besucher mit der Website interagieren, zeichnet Hotjar Besuchersitzungen auf. Das Hotjar-Skript ist eine Websocket-Verbindung, die die folgenden Informationen an die Server von Hotjar sendet:<\/p>\n\n<ul class=\"wp-block-list\">\n<li>HTML-\u00c4nderungen, die w\u00e4hrend der Sitzung des Benutzers auf der Website auftreten<\/li>\n\n\n\n<li>Mausbewegungen<\/li>\n\n\n\n<li>Mausklick<\/li>\n\n\n\n<li>Scrollende Gesten<\/li>\n\n\n\n<li>Tastenanschl\u00e4ge f\u00fcr Aktionen auf der Whitelist<\/li>\n\n\n\n<li>Statistiken dar\u00fcber, ob sich die Anzeigegr\u00f6\u00dfe f\u00fcr den Browser \u00e4ndert<\/li>\n<\/ul>\n\n<p>Jedes verfolgte Ereignis wird in der Cloud-Datenbank von Hotjar mit einem Zeitstempel gespeichert, der sp\u00e4ter zur Wiedergabe der Ereignisse in sequentieller Reihenfolge verwendet wird. Das Hotjar-Skript verfolgt Besucher mithilfe eines Erstanbieter-Cookies, wenn sie verschiedene Seiten besuchen, sodass die gesamte Sitzung in einer einzigen Aufzeichnung wiedergegeben werden kann. Es werden keine sensiblen Informationen oder Benutzerinformationen erfasst oder gespeichert.<\/p>\n\n<p><strong>Tracking-Pixel<\/strong><\/p>\n\n<p>Die Tracking-Pixel auf der Website werden zum Tracking von Conversions und f\u00fcr benutzerspezifisches Marketing verwendet. Es handelt sich nicht um Containercodes und es werden keine personenbezogenen Daten zur\u00fcckgesendet.<\/p>\n\n<p><strong>Sammlung von Informationen<\/strong><\/p>\n\n<p>Wir sammeln Informationen \u00fcber Formulare auf unseren Websites. Die Angabe dieser Informationen ist freiwillig. Wenn Sie sich daf\u00fcr entscheiden, die personenbezogenen Daten nicht bereitzustellen, kann es sein, dass wir Ihnen keinen Zugriff auf das Produkt oder die Dienstleistung gew\u00e4hren.<\/p>\n\n<p><strong>Beispielformular:<\/strong><\/p>\n\n<ul class=\"wp-block-list\">\n<li>Kontakt Formular<\/li>\n\n\n\n<li>Wenn Sie ein Produkt oder eine Dienstleistung ausprobieren m\u00f6chten<\/li>\n\n\n\n<li>Beim Kauf von Produkten oder Dienstleistungen auf einer Website<\/li>\n\n\n\n<li>Bei der Anmeldung zu Webinaren, Kursen und Konferenzen<\/li>\n\n\n\n<li>Beim Herunterladen von Dokumenten wie E-Books oder anderen<\/li>\n\n\n\n<li>Wenn Sie sich f\u00fcr den Erhalt eines Newsletters oder Blogs per E-Mail anmelden<\/li>\n<\/ul>\n\n<p><strong>Der Zweck der gesammelten Informationen:<\/strong><\/p>\n\n<ul class=\"wp-block-list\">\n<li>Um dem Benutzer Zugriff auf unsere Produkte und Dienstleistungen zu gew\u00e4hren<\/li>\n\n\n\n<li>Zum Senden relevanter Informationen an den Benutzer senden<\/li>\n\n\n\n<li>Um Kontakt aufnehmen zu k\u00f6nnen, um Produkte oder Dienstleistungen anzubieten<\/li>\n<\/ul>\n\n<p><strong>So l\u00f6schen Sie Cookies<\/strong><\/p>\n\n<p>Normalerweise sind die meisten Browser so eingestellt, dass sie Cookies akzeptieren. Bitte beachten Sie, dass Sie diese l\u00f6schen k\u00f6nnen, indem Sie den Anweisungen zum L\u00f6schen von Cookies in Ihrem Browser folgen. Informationen hierzu finden Sie in der \u201eHilfe\u201c-Funktion Ihres Browsers. Bitte beachten Sie, dass die Einschr\u00e4nkung des Zugriffs auf Cookies die Funktionalit\u00e4t der Website beeintr\u00e4chtigen kann.<\/p>\n\n<p>Wenn Sie Cookies von Ihrem Computer entfernen m\u00f6chten, k\u00f6nnen Sie diese Anweisungen verwenden:  <\/p>\n\n<ul class=\"wp-block-list\">\n<li><a href=\"https:\/\/support.microsoft.com\/en-us\/kb\/278835#\/en-us\/kb\/278835\/\">Internet Explorer<\/a><\/li>\n\n\n\n<li><a href=\"https:\/\/support.google.com\/chrome\/answer\/95647?hl=no\/\">Chrom<\/a><\/li>\n\n\n\n<li><a href=\"https:\/\/support.apple.com\/kb\/PH17191?locale=no_NO\">Safari<\/a><\/li>\n\n\n\n<li><a href=\"https:\/\/support.mozilla.org\/no\/kb\/slett-informasjonskapsler-fjerne-informasjon-netts\">Feuerfuchs<\/a><\/li>\n<\/ul>\n","protected":false},"excerpt":{"rendered":"<p>Wir verwenden Cookies, um Ihnen ein m\u00f6glichst gutes Benutzererlebnis zu bieten. Durch die weitere Nutzung der Website akzeptieren Sie die Verwendung dieser Informationen. Auf dieser Website protokollieren wir anonyme Informationen \u00fcber alle Besucher. Wir verwenden Cookies haupts\u00e4chlich zur Verkehrsmessung und Optimierung von Inhalten und Benutzererlebnis. Diese Informationen werden anonymisiert und lassen keinen R\u00fcckschluss auf Ihre [&hellip;]<\/p>\n","protected":false},"author":1,"featured_media":0,"parent":0,"menu_order":0,"comment_status":"closed","ping_status":"open","template":"","meta":{"footnotes":""},"class_list":["post-1307","page","type-page","status-publish","hentry"],"yoast_head":"<!-- This site is optimized with the Yoast SEO plugin v27.4 - https:\/\/yoast.com\/product\/yoast-seo-wordpress\/ -->\n<title>Datenschutzerkl\u00e4rung - Lauv\u00f8y Feriesenter<\/title>\n<meta name=\"robots\" content=\"index, follow, max-snippet:-1, max-image-preview:large, max-video-preview:-1\" \/>\n<link rel=\"canonical\" href=\"https:\/\/lauvoy.no\/de\/datenschutzerklaerung\/\" \/>\n<meta property=\"og:locale\" content=\"de_DE\" \/>\n<meta property=\"og:type\" content=\"article\" \/>\n<meta property=\"og:title\" content=\"Datenschutzerkl\u00e4rung - Lauv\u00f8y Feriesenter\" \/>\n<meta property=\"og:description\" content=\"Wir verwenden Cookies, um Ihnen ein m\u00f6glichst gutes Benutzererlebnis zu bieten. Durch die weitere Nutzung der Website akzeptieren Sie die Verwendung dieser Informationen. Auf dieser Website protokollieren wir anonyme Informationen \u00fcber alle Besucher. Wir verwenden Cookies haupts\u00e4chlich zur Verkehrsmessung und Optimierung von Inhalten und Benutzererlebnis. Diese Informationen werden anonymisiert und lassen keinen R\u00fcckschluss auf Ihre [&hellip;]\" \/>\n<meta property=\"og:url\" content=\"https:\/\/lauvoy.no\/de\/datenschutzerklaerung\/\" \/>\n<meta property=\"og:site_name\" content=\"Lauv\u00f8y Feriesenter\" \/>\n<meta property=\"article:modified_time\" content=\"2023-10-05T11:00:53+00:00\" \/>\n<meta name=\"twitter:card\" content=\"summary_large_image\" \/>\n<meta name=\"twitter:label1\" content=\"Gesch\u00e4tzte Lesezeit\" \/>\n\t<meta name=\"twitter:data1\" content=\"4\u00a0Minuten\" \/>\n<script type=\"application\/ld+json\" class=\"yoast-schema-graph\">{\"@context\":\"https:\\\/\\\/schema.org\",\"@graph\":[{\"@type\":\"WebPage\",\"@id\":\"https:\\\/\\\/lauvoy.no\\\/de\\\/datenschutzerklaerung\\\/\",\"url\":\"https:\\\/\\\/lauvoy.no\\\/de\\\/datenschutzerklaerung\\\/\",\"name\":\"Datenschutzerkl\u00e4rung - Lauv\u00f8y Feriesenter\",\"isPartOf\":{\"@id\":\"https:\\\/\\\/lauvoy.no\\\/#website\"},\"datePublished\":\"2023-03-30T10:55:20+00:00\",\"dateModified\":\"2023-10-05T11:00:53+00:00\",\"breadcrumb\":{\"@id\":\"https:\\\/\\\/lauvoy.no\\\/de\\\/datenschutzerklaerung\\\/#breadcrumb\"},\"inLanguage\":\"de\",\"potentialAction\":[{\"@type\":\"ReadAction\",\"target\":[\"https:\\\/\\\/lauvoy.no\\\/de\\\/datenschutzerklaerung\\\/\"]}]},{\"@type\":\"BreadcrumbList\",\"@id\":\"https:\\\/\\\/lauvoy.no\\\/de\\\/datenschutzerklaerung\\\/#breadcrumb\",\"itemListElement\":[{\"@type\":\"ListItem\",\"position\":1,\"name\":\"Home\",\"item\":\"https:\\\/\\\/lauvoy.no\\\/de\\\/hjem\\\/\"},{\"@type\":\"ListItem\",\"position\":2,\"name\":\"Datenschutzerkl\u00e4rung\"}]},{\"@type\":\"WebSite\",\"@id\":\"https:\\\/\\\/lauvoy.no\\\/#website\",\"url\":\"https:\\\/\\\/lauvoy.no\\\/\",\"name\":\"Lauv\u00f8y Feriesenter\",\"description\":\"Fiskeferie p\u00e5 Vestlandet\",\"publisher\":{\"@id\":\"https:\\\/\\\/lauvoy.no\\\/#organization\"},\"potentialAction\":[{\"@type\":\"SearchAction\",\"target\":{\"@type\":\"EntryPoint\",\"urlTemplate\":\"https:\\\/\\\/lauvoy.no\\\/?s={search_term_string}\"},\"query-input\":{\"@type\":\"PropertyValueSpecification\",\"valueRequired\":true,\"valueName\":\"search_term_string\"}}],\"inLanguage\":\"de\"},{\"@type\":\"Organization\",\"@id\":\"https:\\\/\\\/lauvoy.no\\\/#organization\",\"name\":\"Lauv\u00f8y Feriesenter\",\"url\":\"https:\\\/\\\/lauvoy.no\\\/\",\"logo\":{\"@type\":\"ImageObject\",\"inLanguage\":\"de\",\"@id\":\"https:\\\/\\\/lauvoy.no\\\/#\\\/schema\\\/logo\\\/image\\\/\",\"url\":\"https:\\\/\\\/lauvoy.no\\\/wp-content\\\/uploads\\\/2023\\\/03\\\/cropped-lauvoy-logo.png\",\"contentUrl\":\"https:\\\/\\\/lauvoy.no\\\/wp-content\\\/uploads\\\/2023\\\/03\\\/cropped-lauvoy-logo.png\",\"width\":150,\"height\":150,\"caption\":\"Lauv\u00f8y Feriesenter\"},\"image\":{\"@id\":\"https:\\\/\\\/lauvoy.no\\\/#\\\/schema\\\/logo\\\/image\\\/\"}}]}<\/script>\n<!-- \/ Yoast SEO plugin. -->","yoast_head_json":{"title":"Datenschutzerkl\u00e4rung - Lauv\u00f8y Feriesenter","robots":{"index":"index","follow":"follow","max-snippet":"max-snippet:-1","max-image-preview":"max-image-preview:large","max-video-preview":"max-video-preview:-1"},"canonical":"https:\/\/lauvoy.no\/de\/datenschutzerklaerung\/","og_locale":"de_DE","og_type":"article","og_title":"Datenschutzerkl\u00e4rung - Lauv\u00f8y Feriesenter","og_description":"Wir verwenden Cookies, um Ihnen ein m\u00f6glichst gutes Benutzererlebnis zu bieten. Durch die weitere Nutzung der Website akzeptieren Sie die Verwendung dieser Informationen. Auf dieser Website protokollieren wir anonyme Informationen \u00fcber alle Besucher. Wir verwenden Cookies haupts\u00e4chlich zur Verkehrsmessung und Optimierung von Inhalten und Benutzererlebnis. Diese Informationen werden anonymisiert und lassen keinen R\u00fcckschluss auf Ihre [&hellip;]","og_url":"https:\/\/lauvoy.no\/de\/datenschutzerklaerung\/","og_site_name":"Lauv\u00f8y Feriesenter","article_modified_time":"2023-10-05T11:00:53+00:00","twitter_card":"summary_large_image","twitter_misc":{"Gesch\u00e4tzte Lesezeit":"4\u00a0Minuten"},"schema":{"@context":"https:\/\/schema.org","@graph":[{"@type":"WebPage","@id":"https:\/\/lauvoy.no\/de\/datenschutzerklaerung\/","url":"https:\/\/lauvoy.no\/de\/datenschutzerklaerung\/","name":"Datenschutzerkl\u00e4rung - Lauv\u00f8y Feriesenter","isPartOf":{"@id":"https:\/\/lauvoy.no\/#website"},"datePublished":"2023-03-30T10:55:20+00:00","dateModified":"2023-10-05T11:00:53+00:00","breadcrumb":{"@id":"https:\/\/lauvoy.no\/de\/datenschutzerklaerung\/#breadcrumb"},"inLanguage":"de","potentialAction":[{"@type":"ReadAction","target":["https:\/\/lauvoy.no\/de\/datenschutzerklaerung\/"]}]},{"@type":"BreadcrumbList","@id":"https:\/\/lauvoy.no\/de\/datenschutzerklaerung\/#breadcrumb","itemListElement":[{"@type":"ListItem","position":1,"name":"Home","item":"https:\/\/lauvoy.no\/de\/hjem\/"},{"@type":"ListItem","position":2,"name":"Datenschutzerkl\u00e4rung"}]},{"@type":"WebSite","@id":"https:\/\/lauvoy.no\/#website","url":"https:\/\/lauvoy.no\/","name":"Lauv\u00f8y Feriesenter","description":"Fiskeferie p\u00e5 Vestlandet","publisher":{"@id":"https:\/\/lauvoy.no\/#organization"},"potentialAction":[{"@type":"SearchAction","target":{"@type":"EntryPoint","urlTemplate":"https:\/\/lauvoy.no\/?s={search_term_string}"},"query-input":{"@type":"PropertyValueSpecification","valueRequired":true,"valueName":"search_term_string"}}],"inLanguage":"de"},{"@type":"Organization","@id":"https:\/\/lauvoy.no\/#organization","name":"Lauv\u00f8y Feriesenter","url":"https:\/\/lauvoy.no\/","logo":{"@type":"ImageObject","inLanguage":"de","@id":"https:\/\/lauvoy.no\/#\/schema\/logo\/image\/","url":"https:\/\/lauvoy.no\/wp-content\/uploads\/2023\/03\/cropped-lauvoy-logo.png","contentUrl":"https:\/\/lauvoy.no\/wp-content\/uploads\/2023\/03\/cropped-lauvoy-logo.png","width":150,"height":150,"caption":"Lauv\u00f8y Feriesenter"},"image":{"@id":"https:\/\/lauvoy.no\/#\/schema\/logo\/image\/"}}]}},"_links":{"self":[{"href":"https:\/\/lauvoy.no\/de\/wp-json\/wp\/v2\/pages\/1307","targetHints":{"allow":["GET"]}}],"collection":[{"href":"https:\/\/lauvoy.no\/de\/wp-json\/wp\/v2\/pages"}],"about":[{"href":"https:\/\/lauvoy.no\/de\/wp-json\/wp\/v2\/types\/page"}],"author":[{"embeddable":true,"href":"https:\/\/lauvoy.no\/de\/wp-json\/wp\/v2\/users\/1"}],"replies":[{"embeddable":true,"href":"https:\/\/lauvoy.no\/de\/wp-json\/wp\/v2\/comments?post=1307"}],"version-history":[{"count":3,"href":"https:\/\/lauvoy.no\/de\/wp-json\/wp\/v2\/pages\/1307\/revisions"}],"predecessor-version":[{"id":1310,"href":"https:\/\/lauvoy.no\/de\/wp-json\/wp\/v2\/pages\/1307\/revisions\/1310"}],"wp:attachment":[{"href":"https:\/\/lauvoy.no\/de\/wp-json\/wp\/v2\/media?parent=1307"}],"curies":[{"name":"wp","href":"https:\/\/api.w.org\/{rel}","templated":true}]}}