{"id":2439,"date":"2025-08-01T08:54:07","date_gmt":"2025-08-01T08:54:07","guid":{"rendered":"https:\/\/lauvoy.no\/bedingungen\/"},"modified":"2025-08-01T12:48:16","modified_gmt":"2025-08-01T12:48:16","slug":"bedingungen","status":"publish","type":"page","link":"https:\/\/lauvoy.no\/de\/bedingungen\/","title":{"rendered":"Bedingungen"},"content":{"rendered":"\t\t<div data-elementor-type=\"wp-page\" data-elementor-id=\"2439\" class=\"elementor elementor-2439 elementor-2399\" data-elementor-post-type=\"page\">\n\t\t\t\t\t\t<section class=\"elementor-section elementor-top-section elementor-element elementor-element-6edfae16 elementor-section-height-min-height elementor-section-boxed elementor-section-height-default elementor-section-items-middle\" data-id=\"6edfae16\" data-element_type=\"section\" data-e-type=\"section\" data-settings=\"{&quot;background_background&quot;:&quot;classic&quot;}\">\n\t\t\t\t\t\t\t<div class=\"elementor-background-overlay\"><\/div>\n\t\t\t\t\t\t\t<div class=\"elementor-container elementor-column-gap-default\">\n\t\t\t\t\t<div class=\"elementor-column elementor-col-100 elementor-top-column elementor-element elementor-element-2821afc4\" data-id=\"2821afc4\" data-element_type=\"column\" data-e-type=\"column\">\n\t\t\t<div class=\"elementor-widget-wrap elementor-element-populated\">\n\t\t\t\t\t\t<div class=\"elementor-element elementor-element-14fb1c47 elementor-widget elementor-widget-heading\" data-id=\"14fb1c47\" data-element_type=\"widget\" data-e-type=\"widget\" data-widget_type=\"heading.default\">\n\t\t\t\t<div class=\"elementor-widget-container\">\n\t\t\t\t\t<h1 class=\"elementor-heading-title elementor-size-default\">Bedingungen<\/h1>\t\t\t\t<\/div>\n\t\t\t\t<\/div>\n\t\t\t\t\t<\/div>\n\t\t<\/div>\n\t\t\t\t\t<\/div>\n\t\t<\/section>\n\t\t<div class=\"elementor-element elementor-element-94e0116 e-flex e-con-boxed e-con e-parent\" data-id=\"94e0116\" data-element_type=\"container\" data-e-type=\"container\">\n\t\t\t\t\t<div class=\"e-con-inner\">\n\t\t\t\t<div class=\"elementor-element elementor-element-eb7bd8c elementor-widget elementor-widget-heading\" data-id=\"eb7bd8c\" data-element_type=\"widget\" data-e-type=\"widget\" data-widget_type=\"heading.default\">\n\t\t\t\t<div class=\"elementor-widget-container\">\n\t\t\t\t\t<h2 class=\"elementor-heading-title elementor-size-default\">Allgemeine Gesch\u00e4ftes Bedingungen<\/h2>\t\t\t\t<\/div>\n\t\t\t\t<\/div>\n\t\t<div class=\"elementor-element elementor-element-699dab9 e-con-full e-flex e-con e-child\" data-id=\"699dab9\" data-element_type=\"container\" data-e-type=\"container\">\n\t\t\t\t<div class=\"elementor-element elementor-element-b7aaa77 elementor-widget elementor-widget-text-editor\" data-id=\"b7aaa77\" data-element_type=\"widget\" data-e-type=\"widget\" data-widget_type=\"text-editor.default\">\n\t\t\t\t<div class=\"elementor-widget-container\">\n\t\t\t\t\t\t\t\t\t<p class=\"p2\">Dieser Abschnitt beschreibt die Stornierungsbedingungen f\u00fcr Buchungen von Ferienh\u00e4usern ohne und mit Boot.<\/p><p class=\"p2\">1. Stornierungsgeb\u00fchren<\/p><p class=\"p2\">1.1 Bestandteile der Stornierungskosten:<\/p><p class=\"p2\">Im Falle einer Stornierung umfasst die Stornierungsgeb\u00fchr die vollen Mietkosten f\u00fcr Ferienhaus und Boot Zus\u00e4tzliche Kosten f\u00fcr Strom, Bettw\u00e4sche, Handt\u00fccher und Reinigungsgeb\u00fchren werden nicht auf die Stornierungskosten angerechnet.<\/p><p class=\"p2\">1.2 Stornierungsbedingungen:<\/p><p class=\"p2\">F\u00fcr Stornierungen von Ferienhausbuchungen mit Bootsmiete gelten folgende Stornierungsgeb\u00fchren:<\/p><p class=\"p2\">\u2022 Nicht erstattungsf\u00e4hige Anzahlung: Die Anzahlung in H\u00f6he von 30 % des Gesamtbuchungswerts einschlie\u00dflich Bettw\u00e4sche und Reinigung Geb\u00fchren ist nicht erstattungsf\u00e4hig.<\/p><p class=\"p2\">\u2022 Mehr als 100 Tage vor Anreise: 50 % des Gesamtbuchungswerts<\/p><p class=\"p2\">\u2022 99\u201340 Tage vor Anreise: 80 % des Gesamtbuchungswerts.<\/p><p class=\"p2\">\u2022 39\u20138 Tage vor Anreise: 90 % des Gesamtbuchungswerts.<\/p><p class=\"p2\">\u2022 7 Tage oder weniger: 100 % des gesamten Buchungswerts<\/p><p class=\"p2\">\u2022 Nichterscheinen: 100 % des gesamten Buchungswerts<\/p>\t\t\t\t\t\t\t\t<\/div>\n\t\t\t\t<\/div>\n\t\t\t\t<\/div>\n\t\t\t\t\t<\/div>\n\t\t\t\t<\/div>\n\t\t\t\t<\/div>\n\t\t","protected":false},"excerpt":{"rendered":"<p>Bedingungen Allgemeine Gesch\u00e4ftes Bedingungen Dieser Abschnitt beschreibt die Stornierungsbedingungen f\u00fcr Buchungen von Ferienh\u00e4usern ohne und mit Boot. 1. Stornierungsgeb\u00fchren 1.1 Bestandteile der Stornierungskosten: Im Falle einer Stornierung umfasst die Stornierungsgeb\u00fchr die vollen Mietkosten f\u00fcr Ferienhaus und Boot Zus\u00e4tzliche Kosten f\u00fcr Strom, Bettw\u00e4sche, Handt\u00fccher und Reinigungsgeb\u00fchren werden nicht auf die Stornierungskosten angerechnet. 1.2 Stornierungsbedingungen: F\u00fcr Stornierungen [&hellip;]<\/p>\n","protected":false},"author":1,"featured_media":0,"parent":0,"menu_order":0,"comment_status":"closed","ping_status":"closed","template":"","meta":{"footnotes":""},"class_list":["post-2439","page","type-page","status-publish","hentry"],"yoast_head":"<!-- This site is optimized with the Yoast SEO plugin v27.4 - https:\/\/yoast.com\/product\/yoast-seo-wordpress\/ -->\n<title>Bedingungen - Lauv\u00f8y Feriesenter<\/title>\n<meta name=\"robots\" content=\"index, follow, max-snippet:-1, max-image-preview:large, max-video-preview:-1\" \/>\n<link rel=\"canonical\" href=\"https:\/\/lauvoy.no\/de\/bedingungen\/\" \/>\n<meta property=\"og:locale\" content=\"de_DE\" \/>\n<meta property=\"og:type\" content=\"article\" \/>\n<meta property=\"og:title\" content=\"Bedingungen - Lauv\u00f8y Feriesenter\" \/>\n<meta property=\"og:description\" content=\"Bedingungen Allgemeine Gesch\u00e4ftes Bedingungen Dieser Abschnitt beschreibt die Stornierungsbedingungen f\u00fcr Buchungen von Ferienh\u00e4usern ohne und mit Boot. 1. Stornierungsgeb\u00fchren 1.1 Bestandteile der Stornierungskosten: Im Falle einer Stornierung umfasst die Stornierungsgeb\u00fchr die vollen Mietkosten f\u00fcr Ferienhaus und Boot Zus\u00e4tzliche Kosten f\u00fcr Strom, Bettw\u00e4sche, Handt\u00fccher und Reinigungsgeb\u00fchren werden nicht auf die Stornierungskosten angerechnet. 1.2 Stornierungsbedingungen: F\u00fcr Stornierungen [&hellip;]\" \/>\n<meta property=\"og:url\" content=\"https:\/\/lauvoy.no\/de\/bedingungen\/\" \/>\n<meta property=\"og:site_name\" content=\"Lauv\u00f8y Feriesenter\" \/>\n<meta property=\"article:modified_time\" content=\"2025-08-01T12:48:16+00:00\" \/>\n<meta name=\"twitter:card\" content=\"summary_large_image\" \/>\n<meta name=\"twitter:label1\" content=\"Gesch\u00e4tzte Lesezeit\" \/>\n\t<meta name=\"twitter:data1\" content=\"1\u00a0Minute\" \/>\n<script type=\"application\/ld+json\" class=\"yoast-schema-graph\">{\"@context\":\"https:\\\/\\\/schema.org\",\"@graph\":[{\"@type\":\"WebPage\",\"@id\":\"https:\\\/\\\/lauvoy.no\\\/de\\\/bedingungen\\\/\",\"url\":\"https:\\\/\\\/lauvoy.no\\\/de\\\/bedingungen\\\/\",\"name\":\"Bedingungen - Lauv\u00f8y Feriesenter\",\"isPartOf\":{\"@id\":\"https:\\\/\\\/lauvoy.no\\\/#website\"},\"datePublished\":\"2025-08-01T08:54:07+00:00\",\"dateModified\":\"2025-08-01T12:48:16+00:00\",\"breadcrumb\":{\"@id\":\"https:\\\/\\\/lauvoy.no\\\/de\\\/bedingungen\\\/#breadcrumb\"},\"inLanguage\":\"de\",\"potentialAction\":[{\"@type\":\"ReadAction\",\"target\":[\"https:\\\/\\\/lauvoy.no\\\/de\\\/bedingungen\\\/\"]}]},{\"@type\":\"BreadcrumbList\",\"@id\":\"https:\\\/\\\/lauvoy.no\\\/de\\\/bedingungen\\\/#breadcrumb\",\"itemListElement\":[{\"@type\":\"ListItem\",\"position\":1,\"name\":\"Home\",\"item\":\"https:\\\/\\\/lauvoy.no\\\/de\\\/hjem\\\/\"},{\"@type\":\"ListItem\",\"position\":2,\"name\":\"Bedingungen\"}]},{\"@type\":\"WebSite\",\"@id\":\"https:\\\/\\\/lauvoy.no\\\/#website\",\"url\":\"https:\\\/\\\/lauvoy.no\\\/\",\"name\":\"Lauv\u00f8y Feriesenter\",\"description\":\"Fiskeferie p\u00e5 Vestlandet\",\"publisher\":{\"@id\":\"https:\\\/\\\/lauvoy.no\\\/#organization\"},\"potentialAction\":[{\"@type\":\"SearchAction\",\"target\":{\"@type\":\"EntryPoint\",\"urlTemplate\":\"https:\\\/\\\/lauvoy.no\\\/?s={search_term_string}\"},\"query-input\":{\"@type\":\"PropertyValueSpecification\",\"valueRequired\":true,\"valueName\":\"search_term_string\"}}],\"inLanguage\":\"de\"},{\"@type\":\"Organization\",\"@id\":\"https:\\\/\\\/lauvoy.no\\\/#organization\",\"name\":\"Lauv\u00f8y Feriesenter\",\"url\":\"https:\\\/\\\/lauvoy.no\\\/\",\"logo\":{\"@type\":\"ImageObject\",\"inLanguage\":\"de\",\"@id\":\"https:\\\/\\\/lauvoy.no\\\/#\\\/schema\\\/logo\\\/image\\\/\",\"url\":\"https:\\\/\\\/lauvoy.no\\\/wp-content\\\/uploads\\\/2023\\\/03\\\/cropped-lauvoy-logo.png\",\"contentUrl\":\"https:\\\/\\\/lauvoy.no\\\/wp-content\\\/uploads\\\/2023\\\/03\\\/cropped-lauvoy-logo.png\",\"width\":150,\"height\":150,\"caption\":\"Lauv\u00f8y Feriesenter\"},\"image\":{\"@id\":\"https:\\\/\\\/lauvoy.no\\\/#\\\/schema\\\/logo\\\/image\\\/\"}}]}<\/script>\n<!-- \/ Yoast SEO plugin. -->","yoast_head_json":{"title":"Bedingungen - Lauv\u00f8y Feriesenter","robots":{"index":"index","follow":"follow","max-snippet":"max-snippet:-1","max-image-preview":"max-image-preview:large","max-video-preview":"max-video-preview:-1"},"canonical":"https:\/\/lauvoy.no\/de\/bedingungen\/","og_locale":"de_DE","og_type":"article","og_title":"Bedingungen - Lauv\u00f8y Feriesenter","og_description":"Bedingungen Allgemeine Gesch\u00e4ftes Bedingungen Dieser Abschnitt beschreibt die Stornierungsbedingungen f\u00fcr Buchungen von Ferienh\u00e4usern ohne und mit Boot. 1. Stornierungsgeb\u00fchren 1.1 Bestandteile der Stornierungskosten: Im Falle einer Stornierung umfasst die Stornierungsgeb\u00fchr die vollen Mietkosten f\u00fcr Ferienhaus und Boot Zus\u00e4tzliche Kosten f\u00fcr Strom, Bettw\u00e4sche, Handt\u00fccher und Reinigungsgeb\u00fchren werden nicht auf die Stornierungskosten angerechnet. 1.2 Stornierungsbedingungen: F\u00fcr Stornierungen [&hellip;]","og_url":"https:\/\/lauvoy.no\/de\/bedingungen\/","og_site_name":"Lauv\u00f8y Feriesenter","article_modified_time":"2025-08-01T12:48:16+00:00","twitter_card":"summary_large_image","twitter_misc":{"Gesch\u00e4tzte Lesezeit":"1\u00a0Minute"},"schema":{"@context":"https:\/\/schema.org","@graph":[{"@type":"WebPage","@id":"https:\/\/lauvoy.no\/de\/bedingungen\/","url":"https:\/\/lauvoy.no\/de\/bedingungen\/","name":"Bedingungen - Lauv\u00f8y Feriesenter","isPartOf":{"@id":"https:\/\/lauvoy.no\/#website"},"datePublished":"2025-08-01T08:54:07+00:00","dateModified":"2025-08-01T12:48:16+00:00","breadcrumb":{"@id":"https:\/\/lauvoy.no\/de\/bedingungen\/#breadcrumb"},"inLanguage":"de","potentialAction":[{"@type":"ReadAction","target":["https:\/\/lauvoy.no\/de\/bedingungen\/"]}]},{"@type":"BreadcrumbList","@id":"https:\/\/lauvoy.no\/de\/bedingungen\/#breadcrumb","itemListElement":[{"@type":"ListItem","position":1,"name":"Home","item":"https:\/\/lauvoy.no\/de\/hjem\/"},{"@type":"ListItem","position":2,"name":"Bedingungen"}]},{"@type":"WebSite","@id":"https:\/\/lauvoy.no\/#website","url":"https:\/\/lauvoy.no\/","name":"Lauv\u00f8y Feriesenter","description":"Fiskeferie p\u00e5 Vestlandet","publisher":{"@id":"https:\/\/lauvoy.no\/#organization"},"potentialAction":[{"@type":"SearchAction","target":{"@type":"EntryPoint","urlTemplate":"https:\/\/lauvoy.no\/?s={search_term_string}"},"query-input":{"@type":"PropertyValueSpecification","valueRequired":true,"valueName":"search_term_string"}}],"inLanguage":"de"},{"@type":"Organization","@id":"https:\/\/lauvoy.no\/#organization","name":"Lauv\u00f8y Feriesenter","url":"https:\/\/lauvoy.no\/","logo":{"@type":"ImageObject","inLanguage":"de","@id":"https:\/\/lauvoy.no\/#\/schema\/logo\/image\/","url":"https:\/\/lauvoy.no\/wp-content\/uploads\/2023\/03\/cropped-lauvoy-logo.png","contentUrl":"https:\/\/lauvoy.no\/wp-content\/uploads\/2023\/03\/cropped-lauvoy-logo.png","width":150,"height":150,"caption":"Lauv\u00f8y Feriesenter"},"image":{"@id":"https:\/\/lauvoy.no\/#\/schema\/logo\/image\/"}}]}},"_links":{"self":[{"href":"https:\/\/lauvoy.no\/de\/wp-json\/wp\/v2\/pages\/2439","targetHints":{"allow":["GET"]}}],"collection":[{"href":"https:\/\/lauvoy.no\/de\/wp-json\/wp\/v2\/pages"}],"about":[{"href":"https:\/\/lauvoy.no\/de\/wp-json\/wp\/v2\/types\/page"}],"author":[{"embeddable":true,"href":"https:\/\/lauvoy.no\/de\/wp-json\/wp\/v2\/users\/1"}],"replies":[{"embeddable":true,"href":"https:\/\/lauvoy.no\/de\/wp-json\/wp\/v2\/comments?post=2439"}],"version-history":[{"count":1,"href":"https:\/\/lauvoy.no\/de\/wp-json\/wp\/v2\/pages\/2439\/revisions"}],"predecessor-version":[{"id":2440,"href":"https:\/\/lauvoy.no\/de\/wp-json\/wp\/v2\/pages\/2439\/revisions\/2440"}],"wp:attachment":[{"href":"https:\/\/lauvoy.no\/de\/wp-json\/wp\/v2\/media?parent=2439"}],"curies":[{"name":"wp","href":"https:\/\/api.w.org\/{rel}","templated":true}]}}